{"id":865,"date":"2025-03-03T04:23:44","date_gmt":"2025-03-03T04:23:44","guid":{"rendered":"https:\/\/www.associationhewar-com-865191.hostingersite.com\/?page_id=865"},"modified":"2025-12-08T01:23:09","modified_gmt":"2025-12-08T00:23:09","slug":"formation-en-informatique","status":"publish","type":"page","link":"https:\/\/www.associationhewar.com\/?page_id=865","title":{"rendered":"Formation en informatique"},"content":{"rendered":"<p style=\"text-align: left;\">\u0625\u0646 \u0643\u0646\u062a \u062a\u0631\u063a\u0628 \u0641\u064a \u0627\u0644\u062d\u0635\u0648\u0644 \u0639\u0644\u0649 \u0627\u0644\u0645\u0647\u0627\u0631\u0627\u062a \u0627\u0644\u0644\u0627\u0632\u0645\u0629 \u0641\u064a \u0627\u0633\u062a\u0639\u0645\u0627\u0644 \u0627\u0644\u0628\u0631\u0627\u0645\u062c \u0627\u0644\u0645\u0643\u062a\u0628\u064a\u0629 \u0648\u0627\u0644\u0623\u0646\u062a\u0631\u0646\u064a\u062a, \u0647\u0630\u0627 \u0627\u0644\u062a\u0643\u0648\u064a\u0646 \u0647\u0648 \u0627\u0644\u0623\u0646\u0633\u0628 \u0644\u0644\u0625\u062c\u0627\u0628\u0629 \u0639\u0644\u0649 \u062a\u0633\u0627\u0624\u0644\u0627\u062a\u0643\u0645 \u0648 \u062a\u0644\u0628\u064a\u0629 \u0627\u062d\u062a\u064a\u0627\u062c\u0627\u062a\u0643\u0645.<\/p>\n<p style=\"text-align: left;\">Formation en informatique : Pack Bureautique \u2013 Word -Excel \u2013 Access \u2013 PowerPoint<\/p>\n<p style=\"text-align: left;\">Formation Windows<\/p>\n<p style=\"text-align: left;\"><a href=\"http:\/\/www.associationhewar-com-865191.hostingersite.com\/wp-content\/uploads\/2025\/03\/microsoft-1.png\"><img loading=\"lazy\" decoding=\"async\" class=\"wp-image-866 alignright\" src=\"http:\/\/www.associationhewar-com-865191.hostingersite.com\/wp-content\/uploads\/2025\/03\/microsoft-1.png\" alt=\"\" width=\"230\" height=\"175\" srcset=\"https:\/\/www.associationhewar.com\/wp-content\/uploads\/2025\/03\/microsoft-1.png 1268w, https:\/\/www.associationhewar.com\/wp-content\/uploads\/2025\/03\/microsoft-1-300x227.png 300w, https:\/\/www.associationhewar.com\/wp-content\/uploads\/2025\/03\/microsoft-1-1024x776.png 1024w, https:\/\/www.associationhewar.com\/wp-content\/uploads\/2025\/03\/microsoft-1-768x582.png 768w\" sizes=\"auto, (max-width: 230px) 100vw, 230px\" \/><\/a><br \/>\nFormation Word \u2013 Base<br \/>\nFormation Word \u2013 Avanc\u00e9<br \/>\nFormation Excel \u2013 Base<br \/>\nFormation Excel \u2013 Avanc\u00e9<br \/>\nFormation Access \u2013 Base<br \/>\nFormation Access \u2013 Avanc\u00e9<br \/>\nFormation Outlook<br \/>\nFormation PowerPoint<br \/>\nNavigateur<\/p>\n<p style=\"text-align: left;\"><a href=\"http:\/\/www.associationhewar-com-865191.hostingersite.com\/wp-content\/uploads\/2025\/03\/microsoft-3-1.png\"><img loading=\"lazy\" decoding=\"async\" class=\" wp-image-869 alignright\" src=\"http:\/\/www.associationhewar-com-865191.hostingersite.com\/wp-content\/uploads\/2025\/03\/microsoft-3-1.png\" alt=\"\" width=\"284\" height=\"160\" srcset=\"https:\/\/www.associationhewar.com\/wp-content\/uploads\/2025\/03\/microsoft-3-1.png 900w, https:\/\/www.associationhewar.com\/wp-content\/uploads\/2025\/03\/microsoft-3-1-300x169.png 300w, https:\/\/www.associationhewar.com\/wp-content\/uploads\/2025\/03\/microsoft-3-1-768x433.png 768w\" sizes=\"auto, (max-width: 284px) 100vw, 284px\" \/><\/a><\/p>\n<p style=\"text-align: left;\">Pr\u00e9sentation :<br \/>\nFormation Bureautique<\/p>\n<p style=\"text-align: left;\">D\u00e9couvrir les \u00e9l\u00e9ments vitaux (mat\u00e9riel et logiciel) d\u2019un ordinateur pour une meilleure utilisation du monde num\u00e9rique.<br \/>\nExploiter les ressources mat\u00e9riel et logiciel d\u2019un ordinateur par le syst\u00e8me d\u2019exploitation \u00ab Windows \u00bb<br \/>\nProduire des documents professionnels par Microsoft Word<br \/>\nR\u00e9aliser des classeurs professionnels par Microsoft Excel<br \/>\nR\u00e9aliser des pr\u00e9sentations par Microsoft PowerPoint<br \/>\nUtiliser efficacement l\u2019Internet pour la recherche d\u2019information, la messagerie \u00e9lectronique et les r\u00e9seaux sociaux.<\/p>\n<p style=\"text-align: left;\">Cible :<\/p>\n<p style=\"text-align: left;\">Ce cycle de formation est adapt\u00e9 pour les d\u00e9butants comme pour les qualifi\u00e9s<br \/>\nProgramme Type :<\/p>\n<p style=\"text-align: left;\">1 \u2013 Description du mat\u00e9riel et logiciel<\/p>\n<p style=\"text-align: left;\">Formation Bureautique<\/p>\n<p style=\"text-align: left;\">G\u00e9n\u00e9ralit\u00e9s sur les diff\u00e9rents types d\u2019ordinateur<br \/>\nLes composants principaux et leur fonctionnement<br \/>\nDescription des logiciels syst\u00e8mes et d\u2019Applications<\/p>\n<p style=\"text-align: left;\">2 \u2013 Syst\u00e8mes d\u2019exploitation Windows<\/p>\n<p style=\"text-align: left;\">Bureau, Param\u00e8tre et options dans Windows<br \/>\nL\u2019explorateur des fichiers : gestion des dossiers, des fichiers, des m\u00e9moires de masses,<br \/>\nInstaller un programme et le d\u00e9sinstaller proprement<br \/>\nS\u00e9curisation \u2013 antivirus et pare-feu<br \/>\nUtilisation de l\u2019aide<\/p>\n<p style=\"text-align: left;\">3 \u2013 Microsoft Word<\/p>\n<p style=\"text-align: left;\">Pr\u00e9sentation du logiciel Word<br \/>\nMise en oeuvre de Word<br \/>\nCr\u00e9ation de document r\u00e9utilisables, mise en forme, insertion des objets<br \/>\nMises en pratique<\/p>\n<p style=\"text-align: left;\">4 \u2013 Microsoft Excel<\/p>\n<p style=\"text-align: left;\">Utiliser correctement Excel<br \/>\nAdapter Excel \u00e0 sa propre utilisation<br \/>\nGagner du temps pour pr\u00e9senter vos tableaux<br \/>\nMettre en place des formules de calcul<br \/>\nLier des feuilles de calcul pour rapatrier les donn\u00e9es d\u2019un tableau sur l\u2019autre<br \/>\nExploiter une base de donn\u00e9es<br \/>\nFormation BureautiqueAnalyser des donn\u00e9es avec les tableaux crois\u00e9s dynamiques<\/p>\n<p style=\"text-align: left;\">5 \u2013 Microsoft PowerPoint<\/p>\n<p style=\"text-align: left;\">Pr\u00e9parer son travail<br \/>\nG\u00e9rer le texte<br \/>\nLes outils de dessin<br \/>\nAnimer la pr\u00e9sentation<br \/>\nEnrichir le diaporama<br \/>\nCr\u00e9er les supports de la pr\u00e9sentation<br \/>\nCr\u00e9er des Pr\u00e9sentations Interactives<br \/>\nLancer une pr\u00e9sentation sans la pr\u00e9sence de PowerPoint<\/p>\n<p style=\"text-align: left;\">6 \u2013 Internet<\/p>\n<p style=\"text-align: left;\">Navigation recherche de document<br \/>\nMessagerie \u00e9lectronique<br \/>\nR\u00e9seaux sociaux<\/p>\n<p style=\"text-align: center;\"><a href=\"https:\/\/www.associationhewar.com\">\u0644\u0644\u062a\u0633\u062c\u064a\u0644 \u0627\u0644\u0645\u0631\u062c\u0648\u0627 \u0627\u0644\u0646\u0642\u0631 \u0647\u0646\u0627<\/a><\/p>\n<!-- AddThis Advanced Settings generic via filter on the_content --><!-- AddThis Share Buttons generic via filter on the_content -->","protected":false},"excerpt":{"rendered":"<p>\u0625\u0646 \u0643\u0646\u062a \u062a\u0631\u063a\u0628 \u0641\u064a \u0627\u0644\u062d\u0635\u0648\u0644 \u0639\u0644\u0649 \u0627\u0644\u0645\u0647\u0627\u0631\u0627\u062a \u0627\u0644\u0644\u0627\u0632\u0645\u0629 \u0641\u064a \u0627\u0633\u062a\u0639\u0645\u0627\u0644 \u0627\u0644\u0628\u0631\u0627\u0645\u062c \u0627\u0644\u0645\u0643\u062a\u0628\u064a\u0629 \u0648\u0627\u0644\u0623\u0646\u062a\u0631\u0646\u064a\u062a, \u0647\u0630\u0627 \u0627\u0644\u062a\u0643\u0648\u064a\u0646 \u0647\u0648 \u0627\u0644\u0623\u0646\u0633\u0628 \u0644\u0644\u0625\u062c\u0627\u0628\u0629 \u0639\u0644\u0649 \u062a\u0633\u0627\u0624\u0644\u0627\u062a\u0643\u0645 \u0648 \u062a\u0644\u0628\u064a\u0629 \u0627\u062d\u062a\u064a\u0627\u062c\u0627\u062a\u0643\u0645. Formation en informatique : Pack Bureautique \u2013 Word -Excel \u2013 Access \u2013 PowerPoint Formation Windows Formation Word \u2013 Base Formation Word \u2013 Avanc\u00e9 Formation Excel \u2013 Base Formation Excel \u2013 Avanc\u00e9 Formation &hellip;<!-- AddThis Advanced Settings generic via filter on get_the_excerpt --><!-- AddThis Share Buttons generic via filter on get_the_excerpt --><\/p>\n","protected":false},"author":1,"featured_media":0,"parent":0,"menu_order":0,"comment_status":"closed","ping_status":"closed","template":"","meta":{"footnotes":""},"class_list":["post-865","page","type-page","status-publish",""],"yoast_head":"<!-- This site is optimized with the Yoast SEO plugin v26.9 - https:\/\/yoast.com\/product\/yoast-seo-wordpress\/ -->\n<title>Formation en informatique - \u062d\u0648\u0627\u0631 \u0627\u0644\u062b\u0642\u0627\u0641\u0627\u062a<\/title>\n<meta name=\"robots\" content=\"index, follow, max-snippet:-1, max-image-preview:large, max-video-preview:-1\" \/>\n<link rel=\"canonical\" href=\"https:\/\/www.associationhewar.com\/?page_id=865\" \/>\n<meta property=\"og:locale\" content=\"ar_AR\" \/>\n<meta property=\"og:type\" content=\"article\" \/>\n<meta property=\"og:title\" content=\"Formation en informatique - \u062d\u0648\u0627\u0631 \u0627\u0644\u062b\u0642\u0627\u0641\u0627\u062a\" \/>\n<meta property=\"og:description\" content=\"\u0625\u0646 \u0643\u0646\u062a \u062a\u0631\u063a\u0628 \u0641\u064a \u0627\u0644\u062d\u0635\u0648\u0644 \u0639\u0644\u0649 \u0627\u0644\u0645\u0647\u0627\u0631\u0627\u062a \u0627\u0644\u0644\u0627\u0632\u0645\u0629 \u0641\u064a \u0627\u0633\u062a\u0639\u0645\u0627\u0644 \u0627\u0644\u0628\u0631\u0627\u0645\u062c \u0627\u0644\u0645\u0643\u062a\u0628\u064a\u0629 \u0648\u0627\u0644\u0623\u0646\u062a\u0631\u0646\u064a\u062a, \u0647\u0630\u0627 \u0627\u0644\u062a\u0643\u0648\u064a\u0646 \u0647\u0648 \u0627\u0644\u0623\u0646\u0633\u0628 \u0644\u0644\u0625\u062c\u0627\u0628\u0629 \u0639\u0644\u0649 \u062a\u0633\u0627\u0624\u0644\u0627\u062a\u0643\u0645 \u0648 \u062a\u0644\u0628\u064a\u0629 \u0627\u062d\u062a\u064a\u0627\u062c\u0627\u062a\u0643\u0645. Formation en informatique : Pack Bureautique \u2013 Word -Excel \u2013 Access \u2013 PowerPoint Formation Windows Formation Word \u2013 Base Formation Word \u2013 Avanc\u00e9 Formation Excel \u2013 Base Formation Excel \u2013 Avanc\u00e9 Formation &hellip;\" \/>\n<meta property=\"og:url\" content=\"https:\/\/www.associationhewar.com\/?page_id=865\" \/>\n<meta property=\"og:site_name\" content=\"\u062d\u0648\u0627\u0631 \u0627\u0644\u062b\u0642\u0627\u0641\u0627\u062a\" \/>\n<meta property=\"article:modified_time\" content=\"2025-12-08T00:23:09+00:00\" \/>\n<meta property=\"og:image\" content=\"https:\/\/www.associationhewar.com\/wp-content\/uploads\/2025\/03\/microsoft-1.png\" \/>\n\t<meta property=\"og:image:width\" content=\"1268\" \/>\n\t<meta property=\"og:image:height\" content=\"961\" \/>\n\t<meta property=\"og:image:type\" content=\"image\/png\" \/>\n<meta name=\"twitter:card\" content=\"summary_large_image\" \/>\n<meta name=\"twitter:label1\" content=\"\u0648\u0642\u062a \u0627\u0644\u0642\u0631\u0627\u0621\u0629 \u0627\u0644\u0645\u064f\u0642\u062f\u0651\u0631\" \/>\n\t<meta name=\"twitter:data1\" content=\"3 \u062f\u0642\u0627\u0626\u0642\" \/>\n<script type=\"application\/ld+json\" class=\"yoast-schema-graph\">{\"@context\":\"https:\/\/schema.org\",\"@graph\":[{\"@type\":\"WebPage\",\"@id\":\"https:\/\/www.associationhewar.com\/?page_id=865\",\"url\":\"https:\/\/www.associationhewar.com\/?page_id=865\",\"name\":\"Formation en informatique - \u062d\u0648\u0627\u0631 \u0627\u0644\u062b\u0642\u0627\u0641\u0627\u062a\",\"isPartOf\":{\"@id\":\"https:\/\/www.associationhewar.com\/#website\"},\"primaryImageOfPage\":{\"@id\":\"https:\/\/www.associationhewar.com\/?page_id=865#primaryimage\"},\"image\":{\"@id\":\"https:\/\/www.associationhewar.com\/?page_id=865#primaryimage\"},\"thumbnailUrl\":\"http:\/\/www.associationhewar-com-865191.hostingersite.com\/wp-content\/uploads\/2025\/03\/microsoft-1.png\",\"datePublished\":\"2025-03-03T04:23:44+00:00\",\"dateModified\":\"2025-12-08T00:23:09+00:00\",\"breadcrumb\":{\"@id\":\"https:\/\/www.associationhewar.com\/?page_id=865#breadcrumb\"},\"inLanguage\":\"ar\",\"potentialAction\":[{\"@type\":\"ReadAction\",\"target\":[\"https:\/\/www.associationhewar.com\/?page_id=865\"]}]},{\"@type\":\"ImageObject\",\"inLanguage\":\"ar\",\"@id\":\"https:\/\/www.associationhewar.com\/?page_id=865#primaryimage\",\"url\":\"http:\/\/www.associationhewar-com-865191.hostingersite.com\/wp-content\/uploads\/2025\/03\/microsoft-1.png\",\"contentUrl\":\"http:\/\/www.associationhewar-com-865191.hostingersite.com\/wp-content\/uploads\/2025\/03\/microsoft-1.png\"},{\"@type\":\"BreadcrumbList\",\"@id\":\"https:\/\/www.associationhewar.com\/?page_id=865#breadcrumb\",\"itemListElement\":[{\"@type\":\"ListItem\",\"position\":1,\"name\":\"\u0627\u0644\u0631\u0626\u064a\u0633\u064a\u0629\",\"item\":\"https:\/\/www.associationhewar.com\/\"},{\"@type\":\"ListItem\",\"position\":2,\"name\":\"Formation en informatique\"}]},{\"@type\":\"WebSite\",\"@id\":\"https:\/\/www.associationhewar.com\/#website\",\"url\":\"https:\/\/www.associationhewar.com\/\",\"name\":\"\u062d\u0648\u0627\u0631 \u0627\u0644\u062b\u0642\u0627\u0641\u0627\u062a\",\"description\":\"\u0645\u0646\u0638\u0645\u0629 \u0645\u0633\u062a\u0642\u0644\u0629 \u0648\u063a\u064a\u0631 \u062d\u0643\u0648\u0645\u064a\u0629 \u062a\u0623\u0633\u0633\u062a \u0641\u064a 16 \u062f\u062c\u0646\u0628\u0631 2011 \u0641\u064a \u0627\u0644\u0645\u063a\u0631\u0628  \u0645\u0646 \u0623\u0647\u062f\u0627\u0641\u0647\u0627 \u0627\u0644\u0639\u0645\u0644 \u0639\u0644\u0649 \u0627\u0644\u0645\u0633\u0627\u0647\u0645\u0629 \u0641\u064a -\u0627\u0644\u0646\u0647\u0648\u0636 \u0628\u0627\u0644\u0630\u0647\u0646 \u0627\u0644\u0641\u0643\u0631\u064a \u0644\u0644\u0645\u0648\u0627\u0637\u0646 \u0648\u062a\u0631\u0633\u064a\u062e \u062a\u0642\u0628\u0644 \u062b\u0642\u0627\u0641\u0629 \u0627\u0644\u0627\u062e\u0631\",\"potentialAction\":[{\"@type\":\"SearchAction\",\"target\":{\"@type\":\"EntryPoint\",\"urlTemplate\":\"https:\/\/www.associationhewar.com\/?s={search_term_string}\"},\"query-input\":{\"@type\":\"PropertyValueSpecification\",\"valueRequired\":true,\"valueName\":\"search_term_string\"}}],\"inLanguage\":\"ar\"}]}<\/script>\n<!-- \/ Yoast SEO plugin. -->","yoast_head_json":{"title":"Formation en informatique - \u062d\u0648\u0627\u0631 \u0627\u0644\u062b\u0642\u0627\u0641\u0627\u062a","robots":{"index":"index","follow":"follow","max-snippet":"max-snippet:-1","max-image-preview":"max-image-preview:large","max-video-preview":"max-video-preview:-1"},"canonical":"https:\/\/www.associationhewar.com\/?page_id=865","og_locale":"ar_AR","og_type":"article","og_title":"Formation en informatique - \u062d\u0648\u0627\u0631 \u0627\u0644\u062b\u0642\u0627\u0641\u0627\u062a","og_description":"\u0625\u0646 \u0643\u0646\u062a \u062a\u0631\u063a\u0628 \u0641\u064a \u0627\u0644\u062d\u0635\u0648\u0644 \u0639\u0644\u0649 \u0627\u0644\u0645\u0647\u0627\u0631\u0627\u062a \u0627\u0644\u0644\u0627\u0632\u0645\u0629 \u0641\u064a \u0627\u0633\u062a\u0639\u0645\u0627\u0644 \u0627\u0644\u0628\u0631\u0627\u0645\u062c \u0627\u0644\u0645\u0643\u062a\u0628\u064a\u0629 \u0648\u0627\u0644\u0623\u0646\u062a\u0631\u0646\u064a\u062a, \u0647\u0630\u0627 \u0627\u0644\u062a\u0643\u0648\u064a\u0646 \u0647\u0648 \u0627\u0644\u0623\u0646\u0633\u0628 \u0644\u0644\u0625\u062c\u0627\u0628\u0629 \u0639\u0644\u0649 \u062a\u0633\u0627\u0624\u0644\u0627\u062a\u0643\u0645 \u0648 \u062a\u0644\u0628\u064a\u0629 \u0627\u062d\u062a\u064a\u0627\u062c\u0627\u062a\u0643\u0645. Formation en informatique : Pack Bureautique \u2013 Word -Excel \u2013 Access \u2013 PowerPoint Formation Windows Formation Word \u2013 Base Formation Word \u2013 Avanc\u00e9 Formation Excel \u2013 Base Formation Excel \u2013 Avanc\u00e9 Formation &hellip;","og_url":"https:\/\/www.associationhewar.com\/?page_id=865","og_site_name":"\u062d\u0648\u0627\u0631 \u0627\u0644\u062b\u0642\u0627\u0641\u0627\u062a","article_modified_time":"2025-12-08T00:23:09+00:00","og_image":[{"width":1268,"height":961,"url":"https:\/\/www.associationhewar.com\/wp-content\/uploads\/2025\/03\/microsoft-1.png","type":"image\/png"}],"twitter_card":"summary_large_image","twitter_misc":{"\u0648\u0642\u062a \u0627\u0644\u0642\u0631\u0627\u0621\u0629 \u0627\u0644\u0645\u064f\u0642\u062f\u0651\u0631":"3 \u062f\u0642\u0627\u0626\u0642"},"schema":{"@context":"https:\/\/schema.org","@graph":[{"@type":"WebPage","@id":"https:\/\/www.associationhewar.com\/?page_id=865","url":"https:\/\/www.associationhewar.com\/?page_id=865","name":"Formation en informatique - \u062d\u0648\u0627\u0631 \u0627\u0644\u062b\u0642\u0627\u0641\u0627\u062a","isPartOf":{"@id":"https:\/\/www.associationhewar.com\/#website"},"primaryImageOfPage":{"@id":"https:\/\/www.associationhewar.com\/?page_id=865#primaryimage"},"image":{"@id":"https:\/\/www.associationhewar.com\/?page_id=865#primaryimage"},"thumbnailUrl":"http:\/\/www.associationhewar-com-865191.hostingersite.com\/wp-content\/uploads\/2025\/03\/microsoft-1.png","datePublished":"2025-03-03T04:23:44+00:00","dateModified":"2025-12-08T00:23:09+00:00","breadcrumb":{"@id":"https:\/\/www.associationhewar.com\/?page_id=865#breadcrumb"},"inLanguage":"ar","potentialAction":[{"@type":"ReadAction","target":["https:\/\/www.associationhewar.com\/?page_id=865"]}]},{"@type":"ImageObject","inLanguage":"ar","@id":"https:\/\/www.associationhewar.com\/?page_id=865#primaryimage","url":"http:\/\/www.associationhewar-com-865191.hostingersite.com\/wp-content\/uploads\/2025\/03\/microsoft-1.png","contentUrl":"http:\/\/www.associationhewar-com-865191.hostingersite.com\/wp-content\/uploads\/2025\/03\/microsoft-1.png"},{"@type":"BreadcrumbList","@id":"https:\/\/www.associationhewar.com\/?page_id=865#breadcrumb","itemListElement":[{"@type":"ListItem","position":1,"name":"\u0627\u0644\u0631\u0626\u064a\u0633\u064a\u0629","item":"https:\/\/www.associationhewar.com\/"},{"@type":"ListItem","position":2,"name":"Formation en informatique"}]},{"@type":"WebSite","@id":"https:\/\/www.associationhewar.com\/#website","url":"https:\/\/www.associationhewar.com\/","name":"\u062d\u0648\u0627\u0631 \u0627\u0644\u062b\u0642\u0627\u0641\u0627\u062a","description":"\u0645\u0646\u0638\u0645\u0629 \u0645\u0633\u062a\u0642\u0644\u0629 \u0648\u063a\u064a\u0631 \u062d\u0643\u0648\u0645\u064a\u0629 \u062a\u0623\u0633\u0633\u062a \u0641\u064a 16 \u062f\u062c\u0646\u0628\u0631 2011 \u0641\u064a \u0627\u0644\u0645\u063a\u0631\u0628  \u0645\u0646 \u0623\u0647\u062f\u0627\u0641\u0647\u0627 \u0627\u0644\u0639\u0645\u0644 \u0639\u0644\u0649 \u0627\u0644\u0645\u0633\u0627\u0647\u0645\u0629 \u0641\u064a -\u0627\u0644\u0646\u0647\u0648\u0636 \u0628\u0627\u0644\u0630\u0647\u0646 \u0627\u0644\u0641\u0643\u0631\u064a \u0644\u0644\u0645\u0648\u0627\u0637\u0646 \u0648\u062a\u0631\u0633\u064a\u062e \u062a\u0642\u0628\u0644 \u062b\u0642\u0627\u0641\u0629 \u0627\u0644\u0627\u062e\u0631","potentialAction":[{"@type":"SearchAction","target":{"@type":"EntryPoint","urlTemplate":"https:\/\/www.associationhewar.com\/?s={search_term_string}"},"query-input":{"@type":"PropertyValueSpecification","valueRequired":true,"valueName":"search_term_string"}}],"inLanguage":"ar"}]}},"_links":{"self":[{"href":"https:\/\/www.associationhewar.com\/index.php?rest_route=\/wp\/v2\/pages\/865","targetHints":{"allow":["GET"]}}],"collection":[{"href":"https:\/\/www.associationhewar.com\/index.php?rest_route=\/wp\/v2\/pages"}],"about":[{"href":"https:\/\/www.associationhewar.com\/index.php?rest_route=\/wp\/v2\/types\/page"}],"author":[{"embeddable":true,"href":"https:\/\/www.associationhewar.com\/index.php?rest_route=\/wp\/v2\/users\/1"}],"replies":[{"embeddable":true,"href":"https:\/\/www.associationhewar.com\/index.php?rest_route=%2Fwp%2Fv2%2Fcomments&post=865"}],"version-history":[{"count":5,"href":"https:\/\/www.associationhewar.com\/index.php?rest_route=\/wp\/v2\/pages\/865\/revisions"}],"predecessor-version":[{"id":901,"href":"https:\/\/www.associationhewar.com\/index.php?rest_route=\/wp\/v2\/pages\/865\/revisions\/901"}],"wp:attachment":[{"href":"https:\/\/www.associationhewar.com\/index.php?rest_route=%2Fwp%2Fv2%2Fmedia&parent=865"}],"curies":[{"name":"wp","href":"https:\/\/api.w.org\/{rel}","templated":true}]}}